{"id":2,"date":"2025-07-18T23:01:47","date_gmt":"2025-07-18T21:01:47","guid":{"rendered":"http:\/\/serwer368889.lh.pl\/autoinstalator\/serwer368889.lh.pl\/wordpress127115\/?page_id=2"},"modified":"2025-07-18T23:01:47","modified_gmt":"2025-07-18T21:01:47","slug":"konsultacja","status":"publish","type":"page","link":"https:\/\/mjwconsulting.pl\/index.php\/konsultacja\/","title":{"rendered":"Konsultacja"},"content":{"rendered":"\n<p class=\"has-normal-font-size\"><em>Spotkanie online na kt\u00f3rym omawiamy wybrane przez klienta wyzwania, zagadnienia zwi\u0105zane z prowadzon\u0105 dzia\u0142alno\u015bci\u0105, koncepcje rozwoju, weryfikujemy op\u0142acalno\u015b\u0107 nowych produkt\u00f3w czy ofert lub pomys\u0142\u00f3w na nowy biznes.\u00a0<\/em><\/p>\n\n\n\n<p class=\"has-normal-font-size\"><em>W ramach spotkania dokonuj\u0119 potrzebnej analizy i przenosz\u0119 wizj\u0119 klienta na poziom liczb i kalkulacji. <\/em>Skupiam si\u0119 na kierunkach rozwoju firmy, ocenie op\u0142acalno\u015bci projektu wraz prognoz\u0105 zysku. Weryfikuj\u0119 czy biznes\/przedsi\u0119wzi\u0119cie b\u0119dzie op\u0142acalne i ma potencja\u0142 na przyniesienie oczekiwanych zysk\u00f3w, oraz czy w jego obszarze mo\u017cliwa jest optymalizacja koszt\u00f3w.<\/p>\n\n\n\n<p class=\"has-normal-font-size\">Skierowane do os\u00f3b fizycznych\/startup\u00f3w\/ma\u0142ych firm.<\/p>\n","protected":false},"excerpt":{"rendered":"<p>Spotkanie online na kt\u00f3rym omawiamy wybrane przez klienta wyzwania, zagadnienia zwi\u0105zane z prowadzon\u0105 dzia\u0142alno\u015bci\u0105, koncepcje rozwoju, weryfikujemy op\u0142acalno\u015b\u0107 nowych produkt\u00f3w czy ofert lub pomys\u0142\u00f3w na nowy biznes.\u00a0 W ramach spotkania dokonuj\u0119 potrzebnej analizy i przenosz\u0119 wizj\u0119 klienta na poziom liczb i kalkulacji. Skupiam si\u0119 na kierunkach rozwoju firmy, ocenie op\u0142acalno\u015bci projektu wraz prognoz\u0105 zysku. Weryfikuj\u0119 [&hellip;]<\/p>\n","protected":false},"author":1,"featured_media":0,"parent":0,"menu_order":0,"comment_status":"closed","ping_status":"closed","template":"","meta":{"footnotes":""},"class_list":["post-2","page","type-page","status-publish","hentry"],"_links":{"self":[{"href":"https:\/\/mjwconsulting.pl\/index.php\/wp-json\/wp\/v2\/pages\/2","targetHints":{"allow":["GET"]}}],"collection":[{"href":"https:\/\/mjwconsulting.pl\/index.php\/wp-json\/wp\/v2\/pages"}],"about":[{"href":"https:\/\/mjwconsulting.pl\/index.php\/wp-json\/wp\/v2\/types\/page"}],"author":[{"embeddable":true,"href":"https:\/\/mjwconsulting.pl\/index.php\/wp-json\/wp\/v2\/users\/1"}],"replies":[{"embeddable":true,"href":"https:\/\/mjwconsulting.pl\/index.php\/wp-json\/wp\/v2\/comments?post=2"}],"version-history":[{"count":4,"href":"https:\/\/mjwconsulting.pl\/index.php\/wp-json\/wp\/v2\/pages\/2\/revisions"}],"predecessor-version":[{"id":156,"href":"https:\/\/mjwconsulting.pl\/index.php\/wp-json\/wp\/v2\/pages\/2\/revisions\/156"}],"wp:attachment":[{"href":"https:\/\/mjwconsulting.pl\/index.php\/wp-json\/wp\/v2\/media?parent=2"}],"curies":[{"name":"wp","href":"https:\/\/api.w.org\/{rel}","templated":true}]}}