{"id":182,"date":"2025-07-18T23:01:47","date_gmt":"2025-07-18T21:01:47","guid":{"rendered":"http:\/\/serwer368889.lh.pl\/autoinstalator\/serwer368889.lh.pl\/wordpress127115\/?page_id=182"},"modified":"2025-07-18T23:01:47","modified_gmt":"2025-07-18T21:01:47","slug":"mjw-quotation","status":"publish","type":"page","link":"https:\/\/mjwconsulting.pl\/index.php\/mjw-quotation\/","title":{"rendered":"MJW Quotation"},"content":{"rendered":"\n<p class=\"has-normal-font-size\">Optymalizacja modelu wyceny produkt\u00f3w lub projekt\u00f3w handlowych w przedsi\u0119biorstwie. Sk\u0142ada si\u0119 z analizy bie\u017c\u0105cej sytuacji przedsi\u0119biorstwa, zebrania oczekiwa\u0144 decydent\u00f3w (np.Zarz\u0105du), wskazania luk i finalnie przygotowanie propozycji nowego modelu. Celem wsp\u00f3\u0142pracy w ramach tej us\u0142ugi jest skr\u00f3cenie procesu ofertowania, zminimalizowanie pracoch\u0142onno\u015bci poprzez automatyzacj\u0119 a w konsekwencji redukcja koszt\u00f3w. Opcjonalnie wsparcie w wyborze oraz wdro\u017ceniu aplikacji zewn\u0119trznych.\u00a0<\/p>\n\n\n\n<p class=\"has-normal-font-size\"><span style=\"font-size: clamp(var(--wp--custom--typography--normal-min), var(--wp--custom--typography--fluid-size), var(--wp--custom--typography--normal-max)); font-family: var(--wp--preset--font-family--montserrat);\">Skierowane do ma\u0142ych i \u015brednich przedsi\u0119biorstw.<\/span><\/p>\n","protected":false},"excerpt":{"rendered":"<p>Optymalizacja modelu wyceny produkt\u00f3w lub projekt\u00f3w handlowych w przedsi\u0119biorstwie. Sk\u0142ada si\u0119 z analizy bie\u017c\u0105cej sytuacji przedsi\u0119biorstwa, zebrania oczekiwa\u0144 decydent\u00f3w (np.Zarz\u0105du), wskazania luk i finalnie przygotowanie propozycji nowego modelu. Celem wsp\u00f3\u0142pracy w ramach tej us\u0142ugi jest skr\u00f3cenie procesu ofertowania, zminimalizowanie pracoch\u0142onno\u015bci poprzez automatyzacj\u0119 a w konsekwencji redukcja koszt\u00f3w. Opcjonalnie wsparcie w wyborze oraz wdro\u017ceniu aplikacji zewn\u0119trznych.\u00a0 [&hellip;]<\/p>\n","protected":false},"author":1,"featured_media":0,"parent":0,"menu_order":0,"comment_status":"closed","ping_status":"closed","template":"","meta":{"footnotes":""},"class_list":["post-182","page","type-page","status-publish","hentry"],"_links":{"self":[{"href":"https:\/\/mjwconsulting.pl\/index.php\/wp-json\/wp\/v2\/pages\/182","targetHints":{"allow":["GET"]}}],"collection":[{"href":"https:\/\/mjwconsulting.pl\/index.php\/wp-json\/wp\/v2\/pages"}],"about":[{"href":"https:\/\/mjwconsulting.pl\/index.php\/wp-json\/wp\/v2\/types\/page"}],"author":[{"embeddable":true,"href":"https:\/\/mjwconsulting.pl\/index.php\/wp-json\/wp\/v2\/users\/1"}],"replies":[{"embeddable":true,"href":"https:\/\/mjwconsulting.pl\/index.php\/wp-json\/wp\/v2\/comments?post=182"}],"version-history":[{"count":2,"href":"https:\/\/mjwconsulting.pl\/index.php\/wp-json\/wp\/v2\/pages\/182\/revisions"}],"predecessor-version":[{"id":184,"href":"https:\/\/mjwconsulting.pl\/index.php\/wp-json\/wp\/v2\/pages\/182\/revisions\/184"}],"wp:attachment":[{"href":"https:\/\/mjwconsulting.pl\/index.php\/wp-json\/wp\/v2\/media?parent=182"}],"curies":[{"name":"wp","href":"https:\/\/api.w.org\/{rel}","templated":true}]}}