{"id":172,"date":"2025-07-18T23:01:47","date_gmt":"2025-07-18T21:01:47","guid":{"rendered":"http:\/\/serwer368889.lh.pl\/autoinstalator\/serwer368889.lh.pl\/wordpress127115\/?page_id=172"},"modified":"2025-07-18T23:01:47","modified_gmt":"2025-07-18T21:01:47","slug":"mjw-analisys","status":"publish","type":"page","link":"https:\/\/mjwconsulting.pl\/index.php\/mjw-analisys\/","title":{"rendered":"MJW Analisys"},"content":{"rendered":"\n<p class=\"has-normal-font-size\">Analiza okre\u015blonych proces\u00f3w operacyjnych i sprzeda\u017cowych przedsi\u0119biorstwa lub wskazanego obszaru, kt\u00f3rej celem jest odnalezienie nieefektywnych proces\u00f3w oraz potencjalnych ryzyk z nich wynikaj\u0105cych. W ramach us\u0142ugi ustalamy okre\u015blony obszar b\u0119d\u0105cy przedmiotem analiza w jej efekcie klient otrzymuje raport wraz z rekomendowanymi dzia\u0142aniami naprawczymi, kt\u00f3ry omawiamy wsp\u00f3lnie na spotkaniu. <\/p>\n\n\n\n<p class=\"has-normal-font-size\"><span style=\"font-size: clamp(var(--wp--custom--typography--normal-min), var(--wp--custom--typography--fluid-size), var(--wp--custom--typography--normal-max)); font-family: var(--wp--preset--font-family--montserrat);\">Skierowane do wszystkich przedsi\u0119biorstw, niezale\u017cnie od wielko\u015bci.<\/span><\/p>\n\n\n\n<p class=\"has-normal-font-size\"><\/p>\n","protected":false},"excerpt":{"rendered":"<p>Analiza okre\u015blonych proces\u00f3w operacyjnych i sprzeda\u017cowych przedsi\u0119biorstwa lub wskazanego obszaru, kt\u00f3rej celem jest odnalezienie nieefektywnych proces\u00f3w oraz potencjalnych ryzyk z nich wynikaj\u0105cych. W ramach us\u0142ugi ustalamy okre\u015blony obszar b\u0119d\u0105cy przedmiotem analiza w jej efekcie klient otrzymuje raport wraz z rekomendowanymi dzia\u0142aniami naprawczymi, kt\u00f3ry omawiamy wsp\u00f3lnie na spotkaniu. Skierowane do wszystkich przedsi\u0119biorstw, niezale\u017cnie od wielko\u015bci.<\/p>\n","protected":false},"author":1,"featured_media":0,"parent":0,"menu_order":0,"comment_status":"closed","ping_status":"closed","template":"","meta":{"footnotes":""},"class_list":["post-172","page","type-page","status-publish","hentry"],"_links":{"self":[{"href":"https:\/\/mjwconsulting.pl\/index.php\/wp-json\/wp\/v2\/pages\/172","targetHints":{"allow":["GET"]}}],"collection":[{"href":"https:\/\/mjwconsulting.pl\/index.php\/wp-json\/wp\/v2\/pages"}],"about":[{"href":"https:\/\/mjwconsulting.pl\/index.php\/wp-json\/wp\/v2\/types\/page"}],"author":[{"embeddable":true,"href":"https:\/\/mjwconsulting.pl\/index.php\/wp-json\/wp\/v2\/users\/1"}],"replies":[{"embeddable":true,"href":"https:\/\/mjwconsulting.pl\/index.php\/wp-json\/wp\/v2\/comments?post=172"}],"version-history":[{"count":2,"href":"https:\/\/mjwconsulting.pl\/index.php\/wp-json\/wp\/v2\/pages\/172\/revisions"}],"predecessor-version":[{"id":174,"href":"https:\/\/mjwconsulting.pl\/index.php\/wp-json\/wp\/v2\/pages\/172\/revisions\/174"}],"wp:attachment":[{"href":"https:\/\/mjwconsulting.pl\/index.php\/wp-json\/wp\/v2\/media?parent=172"}],"curies":[{"name":"wp","href":"https:\/\/api.w.org\/{rel}","templated":true}]}}