{"id":168,"date":"2025-07-18T23:01:47","date_gmt":"2025-07-18T21:01:47","guid":{"rendered":"http:\/\/serwer368889.lh.pl\/autoinstalator\/serwer368889.lh.pl\/wordpress127115\/?page_id=168"},"modified":"2025-07-18T23:01:47","modified_gmt":"2025-07-18T21:01:47","slug":"mjw-support","status":"publish","type":"page","link":"https:\/\/mjwconsulting.pl\/index.php\/mjw-support\/","title":{"rendered":"MJW Support"},"content":{"rendered":"\n<p class=\"has-normal-font-size\">Wsparcie analityczne z zakresu controllingu. Outsourcing obowi\u0105zk\u00f3w, zlecenie prac utrzymaniowych dotycz\u0105cych przygotowywania raport\u00f3w czy analiz. To doskona\u0142e rozwi\u0105zania dla firm, kt\u00f3re nie posiadaj\u0105 zespo\u0142u kontrolingu lub szukaj\u0105 optymalizacji kosztowej w tym zakresie nie chc\u0105c jednocze\u015bnie traci\u0107 kontroli nad systemem finansowym. <\/p>\n\n\n\n<p class=\"has-normal-font-size\">Wsp\u00f3\u0142praca w tym obszarze wi\u0105\u017ce si\u0119 z ustaleniem potrzeb klienta i wymaga\u0144 wzgl\u0119dem raportu czy zestawienia oraz oczekiwa\u0144 terminowych. Klient otrzymuje cyklicznie potrzebne analizy zgodnie z ustalonymi wymaganiami.<\/p>\n\n\n\n<p class=\"has-normal-font-size\">Skierowane do ma\u0142ych i \u015brednich przedsi\u0119biorstw.<\/p>\n","protected":false},"excerpt":{"rendered":"<p>Wsparcie analityczne z zakresu controllingu. Outsourcing obowi\u0105zk\u00f3w, zlecenie prac utrzymaniowych dotycz\u0105cych przygotowywania raport\u00f3w czy analiz. To doskona\u0142e rozwi\u0105zania dla firm, kt\u00f3re nie posiadaj\u0105 zespo\u0142u kontrolingu lub szukaj\u0105 optymalizacji kosztowej w tym zakresie nie chc\u0105c jednocze\u015bnie traci\u0107 kontroli nad systemem finansowym. Wsp\u00f3\u0142praca w tym obszarze wi\u0105\u017ce si\u0119 z ustaleniem potrzeb klienta i wymaga\u0144 wzgl\u0119dem raportu czy [&hellip;]<\/p>\n","protected":false},"author":1,"featured_media":0,"parent":0,"menu_order":0,"comment_status":"closed","ping_status":"closed","template":"","meta":{"footnotes":""},"class_list":["post-168","page","type-page","status-publish","hentry"],"_links":{"self":[{"href":"https:\/\/mjwconsulting.pl\/index.php\/wp-json\/wp\/v2\/pages\/168","targetHints":{"allow":["GET"]}}],"collection":[{"href":"https:\/\/mjwconsulting.pl\/index.php\/wp-json\/wp\/v2\/pages"}],"about":[{"href":"https:\/\/mjwconsulting.pl\/index.php\/wp-json\/wp\/v2\/types\/page"}],"author":[{"embeddable":true,"href":"https:\/\/mjwconsulting.pl\/index.php\/wp-json\/wp\/v2\/users\/1"}],"replies":[{"embeddable":true,"href":"https:\/\/mjwconsulting.pl\/index.php\/wp-json\/wp\/v2\/comments?post=168"}],"version-history":[{"count":2,"href":"https:\/\/mjwconsulting.pl\/index.php\/wp-json\/wp\/v2\/pages\/168\/revisions"}],"predecessor-version":[{"id":170,"href":"https:\/\/mjwconsulting.pl\/index.php\/wp-json\/wp\/v2\/pages\/168\/revisions\/170"}],"wp:attachment":[{"href":"https:\/\/mjwconsulting.pl\/index.php\/wp-json\/wp\/v2\/media?parent=168"}],"curies":[{"name":"wp","href":"https:\/\/api.w.org\/{rel}","templated":true}]}}