{"id":146,"date":"2025-07-18T14:12:39","date_gmt":"2025-07-18T12:12:39","guid":{"rendered":"http:\/\/serwer368889.lh.pl\/autoinstalator\/serwer368889.lh.pl\/wordpress127115\/?page_id=146"},"modified":"2025-07-29T14:33:45","modified_gmt":"2025-07-29T12:33:45","slug":"uslugi","status":"publish","type":"page","link":"https:\/\/mjwconsulting.pl\/index.php\/uslugi\/","title":{"rendered":"Oferta"},"content":{"rendered":"\n<div class=\"wp-block-media-text is-stacked-on-mobile\" style=\"grid-template-columns:35% auto\"><figure class=\"wp-block-media-text__media\"><a href=\"https:\/\/serwer368889.lh.pl\/autoinstalator\/serwer368889.lh.pl\/wordpress127115\/?page_id=2\"><img loading=\"lazy\" decoding=\"async\" width=\"1024\" height=\"683\" src=\"https:\/\/serwer368889.lh.pl\/autoinstalator\/serwer368889.lh.pl\/wordpress127115\/wp-content\/uploads\/2025\/07\/deliberate-directions-poeSOngzQ4-unsplash-1024x683.jpg\" alt=\"\" class=\"wp-image-31 size-full\" srcset=\"https:\/\/mjwconsulting.pl\/wp-content\/uploads\/2025\/07\/deliberate-directions-poeSOngzQ4-unsplash-1024x683.jpg 1024w, https:\/\/mjwconsulting.pl\/wp-content\/uploads\/2025\/07\/deliberate-directions-poeSOngzQ4-unsplash-300x200.jpg 300w, https:\/\/mjwconsulting.pl\/wp-content\/uploads\/2025\/07\/deliberate-directions-poeSOngzQ4-unsplash-768x512.jpg 768w, https:\/\/mjwconsulting.pl\/wp-content\/uploads\/2025\/07\/deliberate-directions-poeSOngzQ4-unsplash-1536x1025.jpg 1536w, https:\/\/mjwconsulting.pl\/wp-content\/uploads\/2025\/07\/deliberate-directions-poeSOngzQ4-unsplash-360x240.jpg 360w\" sizes=\"auto, (max-width: 1024px) 100vw, 1024px\" \/><\/a><\/figure><div class=\"wp-block-media-text__content\">\n<p class=\"has-medium-font-size\"><strong>Konsultacja<\/strong><\/p>\n\n\n\n<p>Spotkanie online na kt\u00f3rym omawiamy wybrane przez klienta wyzwania, zagadnienia zwi\u0105zane z prowadzon\u0105 dzia\u0142alno\u015bci\u0105, koncepcje rozwoju, weryfikujemy op\u0142acalno\u015b\u0107 nowych produkt\u00f3w czy ofert lub pomys\u0142\u00f3w na nowy biznes.<\/p>\n\n\n\n<div class=\"wp-block-buttons is-layout-flex wp-block-buttons-is-layout-flex\">\n<div class=\"wp-block-button has-custom-width wp-block-button__width-50 is-style-outline is-style-outline--1\"><a class=\"wp-block-button__link has-cyan-bluish-gray-color has-text-color has-link-color has-small-font-size has-custom-font-size wp-element-button\" href=\"https:\/\/mjwconsulting.pl\/index.php\/konsultacja\/\" style=\"padding-top:0;padding-right:0;padding-bottom:0;padding-left:0\">Sprawd\u017a szczeg\u00f3\u0142y<\/a><\/div>\n<\/div>\n<\/div><\/div>\n\n\n\n<div class=\"wp-block-media-text is-stacked-on-mobile\" style=\"grid-template-columns:35% auto\"><figure class=\"wp-block-media-text__media\"><img loading=\"lazy\" decoding=\"async\" width=\"1024\" height=\"683\" src=\"https:\/\/serwer368889.lh.pl\/autoinstalator\/serwer368889.lh.pl\/wordpress127115\/wp-content\/uploads\/2025\/07\/markus-winkler-IrRbSND5EUc-unsplash-1024x683.jpg\" alt=\"\" class=\"wp-image-41 size-full\" srcset=\"https:\/\/mjwconsulting.pl\/wp-content\/uploads\/2025\/07\/markus-winkler-IrRbSND5EUc-unsplash-1024x683.jpg 1024w, https:\/\/mjwconsulting.pl\/wp-content\/uploads\/2025\/07\/markus-winkler-IrRbSND5EUc-unsplash-300x200.jpg 300w, https:\/\/mjwconsulting.pl\/wp-content\/uploads\/2025\/07\/markus-winkler-IrRbSND5EUc-unsplash-768x512.jpg 768w, https:\/\/mjwconsulting.pl\/wp-content\/uploads\/2025\/07\/markus-winkler-IrRbSND5EUc-unsplash-1536x1024.jpg 1536w, https:\/\/mjwconsulting.pl\/wp-content\/uploads\/2025\/07\/markus-winkler-IrRbSND5EUc-unsplash-2048x1365.jpg 2048w, https:\/\/mjwconsulting.pl\/wp-content\/uploads\/2025\/07\/markus-winkler-IrRbSND5EUc-unsplash-360x240.jpg 360w\" sizes=\"auto, (max-width: 1024px) 100vw, 1024px\" \/><\/figure><div class=\"wp-block-media-text__content\">\n<p class=\"has-medium-font-size\"><strong>MJW Support<\/strong><\/p>\n\n\n\n<p>Wsparcie analityczne z zakresu&nbsp; controllingu. Outsourcing obowi\u0105zk\u00f3w, zlecenie prac utrzymaniowych dotycz\u0105cych przygotowywania raport\u00f3w etc.&nbsp;<\/p>\n\n\n\n<div class=\"wp-block-buttons is-layout-flex wp-block-buttons-is-layout-flex\">\n<div class=\"wp-block-button has-custom-width wp-block-button__width-50 is-style-outline is-style-outline--2\"><a class=\"wp-block-button__link has-cyan-bluish-gray-color has-text-color has-link-color has-small-font-size has-custom-font-size wp-element-button\" href=\"https:\/\/mjwconsulting.pl\/index.php\/mjw-support\/\" style=\"padding-top:0;padding-right:0;padding-bottom:0;padding-left:0\">Sprawd\u017a szczeg\u00f3\u0142y<\/a><\/div>\n<\/div>\n<\/div><\/div>\n\n\n\n<div class=\"wp-block-media-text is-stacked-on-mobile\" style=\"grid-template-columns:35% auto\"><figure class=\"wp-block-media-text__media\"><img loading=\"lazy\" decoding=\"async\" width=\"1024\" height=\"729\" src=\"https:\/\/serwer368889.lh.pl\/autoinstalator\/serwer368889.lh.pl\/wordpress127115\/wp-content\/uploads\/2025\/07\/carlos-muza-hpjSkU2UYSU-unsplash-1024x729.jpg\" alt=\"\" class=\"wp-image-30 size-full\" srcset=\"https:\/\/mjwconsulting.pl\/wp-content\/uploads\/2025\/07\/carlos-muza-hpjSkU2UYSU-unsplash-1024x729.jpg 1024w, https:\/\/mjwconsulting.pl\/wp-content\/uploads\/2025\/07\/carlos-muza-hpjSkU2UYSU-unsplash-300x214.jpg 300w, https:\/\/mjwconsulting.pl\/wp-content\/uploads\/2025\/07\/carlos-muza-hpjSkU2UYSU-unsplash-768x547.jpg 768w, https:\/\/mjwconsulting.pl\/wp-content\/uploads\/2025\/07\/carlos-muza-hpjSkU2UYSU-unsplash-1536x1094.jpg 1536w, https:\/\/mjwconsulting.pl\/wp-content\/uploads\/2025\/07\/carlos-muza-hpjSkU2UYSU-unsplash-2048x1459.jpg 2048w\" sizes=\"auto, (max-width: 1024px) 100vw, 1024px\" \/><\/figure><div class=\"wp-block-media-text__content\">\n<p class=\"has-medium-font-size\"><strong>MJW Analisys<\/strong><\/p>\n\n\n\n<p>Analiza proces\u00f3w operacyjnych i sprzeda\u017cowych przedsi\u0119biorstwa lub wskazanego obszaru, kt\u00f3rej celem jest odnalezienie nieefektywnych proces\u00f3w oraz potencjalnych ryzyk z nich wynikaj\u0105cych.<\/p>\n\n\n\n<div class=\"wp-block-buttons is-layout-flex wp-block-buttons-is-layout-flex\">\n<div class=\"wp-block-button has-custom-width wp-block-button__width-50 is-style-outline is-style-outline--3\"><a class=\"wp-block-button__link has-cyan-bluish-gray-color has-text-color has-link-color has-small-font-size has-custom-font-size wp-element-button\" href=\"https:\/\/mjwconsulting.pl\/index.php\/mjw-analisys\/\" style=\"padding-top:0;padding-right:0;padding-bottom:0;padding-left:0\">Sprawd\u017a szczeg\u00f3\u0142y<\/a><\/div>\n<\/div>\n<\/div><\/div>\n\n\n\n<div class=\"wp-block-media-text is-stacked-on-mobile\" style=\"grid-template-columns:35% auto\"><figure class=\"wp-block-media-text__media\"><img loading=\"lazy\" decoding=\"async\" width=\"1024\" height=\"768\" src=\"https:\/\/serwer368889.lh.pl\/autoinstalator\/serwer368889.lh.pl\/wordpress127115\/wp-content\/uploads\/2025\/07\/brett-jordan-gJUZjwy2EgE-unsplash-1024x768.jpg\" alt=\"\" class=\"wp-image-28 size-full\" srcset=\"https:\/\/mjwconsulting.pl\/wp-content\/uploads\/2025\/07\/brett-jordan-gJUZjwy2EgE-unsplash-1024x768.jpg 1024w, https:\/\/mjwconsulting.pl\/wp-content\/uploads\/2025\/07\/brett-jordan-gJUZjwy2EgE-unsplash-300x225.jpg 300w, https:\/\/mjwconsulting.pl\/wp-content\/uploads\/2025\/07\/brett-jordan-gJUZjwy2EgE-unsplash-768x576.jpg 768w, https:\/\/mjwconsulting.pl\/wp-content\/uploads\/2025\/07\/brett-jordan-gJUZjwy2EgE-unsplash-1536x1152.jpg 1536w, https:\/\/mjwconsulting.pl\/wp-content\/uploads\/2025\/07\/brett-jordan-gJUZjwy2EgE-unsplash-2048x1536.jpg 2048w\" sizes=\"auto, (max-width: 1024px) 100vw, 1024px\" \/><\/figure><div class=\"wp-block-media-text__content\">\n<p class=\"has-medium-font-size\"><strong>MJW Quotation<\/strong><\/p>\n\n\n\n<p>Optymalizacja modelu wyceny produkt\u00f3w lub projekt\u00f3w handlowych w przedsi\u0119biorstwie. Analiza bie\u017c\u0105cej sytuacji przedsi\u0119biorstwa, zebranie oczekiwa\u0144 decydent\u00f3w (np. Zarz\u0105du), wskazanie luk, przygotowanie propozycji nowego rozwi\u0105zania.<\/p>\n\n\n\n<div class=\"wp-block-buttons is-layout-flex wp-block-buttons-is-layout-flex\">\n<div class=\"wp-block-button has-custom-width wp-block-button__width-50 is-style-outline is-style-outline--4\"><a class=\"wp-block-button__link has-cyan-bluish-gray-color has-text-color has-link-color has-small-font-size has-custom-font-size wp-element-button\" href=\"https:\/\/mjwconsulting.pl\/index.php\/mjw-quotation\/\" style=\"padding-top:0;padding-right:0;padding-bottom:0;padding-left:0\">Sprawd\u017a szczeg\u00f3\u0142y<\/a><\/div>\n<\/div>\n<\/div><\/div>\n\n\n\n<div class=\"wp-block-media-text is-stacked-on-mobile\" style=\"grid-template-columns:35% auto\"><figure class=\"wp-block-media-text__media\"><img loading=\"lazy\" decoding=\"async\" width=\"1024\" height=\"737\" src=\"https:\/\/serwer368889.lh.pl\/autoinstalator\/serwer368889.lh.pl\/wordpress127115\/wp-content\/uploads\/2025\/07\/stephen-dawson-qwtCeJ5cLYs-unsplash-1024x737.jpg\" alt=\"\" class=\"wp-image-105 size-full\" srcset=\"https:\/\/mjwconsulting.pl\/wp-content\/uploads\/2025\/07\/stephen-dawson-qwtCeJ5cLYs-unsplash-1024x737.jpg 1024w, https:\/\/mjwconsulting.pl\/wp-content\/uploads\/2025\/07\/stephen-dawson-qwtCeJ5cLYs-unsplash-300x216.jpg 300w, https:\/\/mjwconsulting.pl\/wp-content\/uploads\/2025\/07\/stephen-dawson-qwtCeJ5cLYs-unsplash-768x553.jpg 768w, https:\/\/mjwconsulting.pl\/wp-content\/uploads\/2025\/07\/stephen-dawson-qwtCeJ5cLYs-unsplash-1536x1105.jpg 1536w, https:\/\/mjwconsulting.pl\/wp-content\/uploads\/2025\/07\/stephen-dawson-qwtCeJ5cLYs-unsplash-2048x1474.jpg 2048w\" sizes=\"auto, (max-width: 1024px) 100vw, 1024px\" \/><\/figure><div class=\"wp-block-media-text__content\">\n<p class=\"has-medium-font-size\"><strong>MJW Goals<\/strong><\/p>\n\n\n\n<p>Opracowanie systemu motywacyjnego pracownik\u00f3w (MBO\/System prowizyjny). Celem wprowadzeniu systemu motywacyjnego\/prowizyjnego jest realizacja cel\u00f3w przedsi\u0119biorstwa.<\/p>\n\n\n\n<div class=\"wp-block-buttons is-layout-flex wp-block-buttons-is-layout-flex\">\n<div class=\"wp-block-button has-custom-width wp-block-button__width-50 is-style-outline is-style-outline--5\"><a class=\"wp-block-button__link has-cyan-bluish-gray-color has-text-color has-link-color has-small-font-size has-custom-font-size wp-element-button\" href=\"https:\/\/mjwconsulting.pl\/index.php\/mjw-goals\/\" style=\"padding-top:0;padding-right:0;padding-bottom:0;padding-left:0\">Sprawd\u017a szczeg\u00f3\u0142y<\/a><\/div>\n<\/div>\n<\/div><\/div>\n","protected":false},"excerpt":{"rendered":"","protected":false},"author":1,"featured_media":0,"parent":0,"menu_order":0,"comment_status":"closed","ping_status":"closed","template":"","meta":{"footnotes":""},"class_list":["post-146","page","type-page","status-publish","hentry"],"_links":{"self":[{"href":"https:\/\/mjwconsulting.pl\/index.php\/wp-json\/wp\/v2\/pages\/146","targetHints":{"allow":["GET"]}}],"collection":[{"href":"https:\/\/mjwconsulting.pl\/index.php\/wp-json\/wp\/v2\/pages"}],"about":[{"href":"https:\/\/mjwconsulting.pl\/index.php\/wp-json\/wp\/v2\/types\/page"}],"author":[{"embeddable":true,"href":"https:\/\/mjwconsulting.pl\/index.php\/wp-json\/wp\/v2\/users\/1"}],"replies":[{"embeddable":true,"href":"https:\/\/mjwconsulting.pl\/index.php\/wp-json\/wp\/v2\/comments?post=146"}],"version-history":[{"count":17,"href":"https:\/\/mjwconsulting.pl\/index.php\/wp-json\/wp\/v2\/pages\/146\/revisions"}],"predecessor-version":[{"id":293,"href":"https:\/\/mjwconsulting.pl\/index.php\/wp-json\/wp\/v2\/pages\/146\/revisions\/293"}],"wp:attachment":[{"href":"https:\/\/mjwconsulting.pl\/index.php\/wp-json\/wp\/v2\/media?parent=146"}],"curies":[{"name":"wp","href":"https:\/\/api.w.org\/{rel}","templated":true}]}}